{"id":74,"date":"2023-03-24T15:21:42","date_gmt":"2023-03-24T15:21:42","guid":{"rendered":"https:\/\/allercoaching.de\/?page_id=74"},"modified":"2025-11-23T13:06:06","modified_gmt":"2025-11-23T13:06:06","slug":"about","status":"publish","type":"page","link":"https:\/\/allercoaching.de\/?page_id=74","title":{"rendered":"About"},"content":{"rendered":"\n<div class=\"wp-block-columns is-layout-flex wp-container-core-columns-is-layout-9d6595d7 wp-block-columns-is-layout-flex\">\n<div class=\"wp-block-column is-layout-flow wp-block-column-is-layout-flow\"><\/div>\n<\/div>\n\n\n\n<div class=\"wp-block-columns is-layout-flex wp-container-core-columns-is-layout-9d6595d7 wp-block-columns-is-layout-flex\">\n<div class=\"wp-block-column is-layout-flow wp-block-column-is-layout-flow\" style=\"border-style:none;border-width:0px\">\n<figure class=\"wp-block-image size-large has-custom-border is-style-default\"><img loading=\"lazy\" decoding=\"async\" width=\"819\" height=\"1024\" src=\"https:\/\/allercoaching.de\/wp-content\/uploads\/2025\/11\/Oliver-Geweke-Fahrrad-819x1024.jpg\" alt=\"\" class=\"wp-image-186\" style=\"border-style:none;border-width:0px;border-radius:23px\" srcset=\"https:\/\/allercoaching.de\/wp-content\/uploads\/2025\/11\/Oliver-Geweke-Fahrrad-819x1024.jpg 819w, https:\/\/allercoaching.de\/wp-content\/uploads\/2025\/11\/Oliver-Geweke-Fahrrad-240x300.jpg 240w, https:\/\/allercoaching.de\/wp-content\/uploads\/2025\/11\/Oliver-Geweke-Fahrrad-768x960.jpg 768w, https:\/\/allercoaching.de\/wp-content\/uploads\/2025\/11\/Oliver-Geweke-Fahrrad-1229x1536.jpg 1229w, https:\/\/allercoaching.de\/wp-content\/uploads\/2025\/11\/Oliver-Geweke-Fahrrad-1638x2048.jpg 1638w, https:\/\/allercoaching.de\/wp-content\/uploads\/2025\/11\/Oliver-Geweke-Fahrrad-684x855.jpg 684w, https:\/\/allercoaching.de\/wp-content\/uploads\/2025\/11\/Oliver-Geweke-Fahrrad-scaled.jpg 2048w\" sizes=\"auto, (max-width: 819px) 100vw, 819px\" \/><\/figure>\n<\/div>\n\n\n\n<div class=\"wp-block-column is-layout-flow wp-block-column-is-layout-flow\">\n<p><strong>Oliver Geweke<\/strong><br><br>Diplom P\u00e4dagoge<br>Systemischer Coach &amp;<br>Moderator f\u00fcr Pers\u00f6nliche Zukunftsplanung<\/p>\n\n\n\n<p>Sie sind auf der Suche nach kreativen L\u00f6sungen und einem Weg f\u00fcr Sie beruflich oder pers\u00f6nlich?<br>Ihre Ideen und Tr\u00e4ume sind entscheidend.&nbsp;<br>Ich begleite Sie auf Ihrem Weg.<\/p>\n<\/div>\n<\/div>\n\n\n\n<p><\/p>\n\n\n\n<p><strong>Zu meiner Person:<\/strong><\/p>\n\n\n\n<p>Ich komme aus Sachsenhagen bei Hannover und habe nach dem Abitur Zivildienst in einem Wohnheim f\u00fcr Menschen mit Beeintr\u00e4chtigungen geleistet. Anschlie\u00dfend habe ich die Fachschulausbildung Heilerziehungspflege und das Diplomstudium Behindertenp\u00e4dagogik an der Universit\u00e4t Bremen berufsbegleitend absolviert. Daraus folgend, habe ich die Vision eines ambulanten Assistenzdienstes f\u00fcr Menschen mit Beeintr\u00e4chtigungen in den Offenen Hilfen der Lebenshilfe Verden umgesetzt und den Bereich mit 250 Kund*innen und 200 Mitarbeiter*innen 25 Jahre geleitet.<br>Hierbei habe ich Erfahrungen in verschiedensten sozialen Zusammenh\u00e4ngen gesammelt und mich in den Bereichen Projektmanagement, Strategieplanung, Hilfeplanung, Kalkulation und Verhandlungen von Leistungs- und Verg\u00fctungsvereinbarungen, Mitarbeiterf\u00fchrung und Teamentwicklung weiter qualifiziert.<br>Erg\u00e4nzt habe ich das Fachwissen um die Ausbildung zum Coach nach den Richtlinien des Deutschen Coachingverbandes (DCV) und der Ausbildung als zertifizierter Moderator der Pers\u00f6nlichen Zukunftsplanung . Ich bin Vater von einer Tochter und drei S\u00f6hnen und lebe in Verden an der Aller.<\/p>\n\n\n\n<p><\/p>\n","protected":false},"excerpt":{"rendered":"<p>Oliver Geweke Diplom P\u00e4dagogeSystemischer Coach &amp;Moderator f\u00fcr Pers\u00f6nliche Zukunftsplanung Sie sind auf der Suche nach kreativen L\u00f6sungen und einem Weg f\u00fcr Sie beruflich oder pers\u00f6nlich?Ihre Ideen und Tr\u00e4ume sind entscheidend.&nbsp;Ich begleite Sie auf Ihrem Weg.<span class=\"more-dots\">&#8230;<\/span><\/p>\n","protected":false},"author":1,"featured_media":0,"parent":0,"menu_order":0,"comment_status":"closed","ping_status":"closed","template":"","meta":{"footnotes":""},"class_list":["post-74","page","type-page","status-publish","hentry","no-post-thumbnail"],"_links":{"self":[{"href":"https:\/\/allercoaching.de\/index.php?rest_route=\/wp\/v2\/pages\/74","targetHints":{"allow":["GET"]}}],"collection":[{"href":"https:\/\/allercoaching.de\/index.php?rest_route=\/wp\/v2\/pages"}],"about":[{"href":"https:\/\/allercoaching.de\/index.php?rest_route=\/wp\/v2\/types\/page"}],"author":[{"embeddable":true,"href":"https:\/\/allercoaching.de\/index.php?rest_route=\/wp\/v2\/users\/1"}],"replies":[{"embeddable":true,"href":"https:\/\/allercoaching.de\/index.php?rest_route=%2Fwp%2Fv2%2Fcomments&post=74"}],"version-history":[{"count":11,"href":"https:\/\/allercoaching.de\/index.php?rest_route=\/wp\/v2\/pages\/74\/revisions"}],"predecessor-version":[{"id":193,"href":"https:\/\/allercoaching.de\/index.php?rest_route=\/wp\/v2\/pages\/74\/revisions\/193"}],"wp:attachment":[{"href":"https:\/\/allercoaching.de\/index.php?rest_route=%2Fwp%2Fv2%2Fmedia&parent=74"}],"curies":[{"name":"wp","href":"https:\/\/api.w.org\/{rel}","templated":true}]}}